{"id":59,"date":"2018-06-09T20:54:43","date_gmt":"2018-06-09T18:54:43","guid":{"rendered":"http:\/\/institutdeyoga.com\/?page_id=59"},"modified":"2026-04-22T18:32:16","modified_gmt":"2026-04-22T16:32:16","slug":"cours","status":"publish","type":"page","link":"https:\/\/institutdeyoga.com\/index.php\/cours\/","title":{"rendered":"Cours"},"content":{"rendered":"<p><span style=\"font-family: 'comic sans ms', sans-serif; font-size: 14pt;\">L&rsquo;<a href=\"https:\/\/institutdeyoga.com\/index.php\/accueil\/\">Institut de Yoga<\/a> organise des cours r\u00e9guliers \u00e0 <a href=\"https:\/\/institutdeyoga.com\/index.php\/cours\/aix-en-provence\/\">Aix<\/a>, <a href=\"https:\/\/institutdeyoga.com\/index.php\/cours\/alpes-de-haute-provence\/\">Digne<\/a>, <a href=\"https:\/\/institutdeyoga.com\/index.php\/cours\/marseille\/\">Marseille<\/a>, <a href=\"https:\/\/institutdeyoga.com\/index.php\/cours\/mouries\/\">Mouri\u00e8s<\/a> et <a href=\"https:\/\/institutdeyoga.com\/index.php\/cours\/alpes-de-haute-provence\/\">Seyne-les-Alpes<\/a><a href=\"https:\/\/institutdeyoga.com\/index.php\/maison-du-yoga\/\">.<\/a><\/span><\/p>\n<p><em><strong>POUR CONNA\u00ceTRE LA LOCALISATION ET LES HORAIRES DES COURS, VEUILLEZ CLIQUER SUR LE NOM DE L&rsquo;UNE DES CINQ COMMUNES CI-DESSUS (HYPERLIEN).<\/strong><\/em><\/p>\n<p class=\"\\\"><span style=\"font-size: 10pt;\"><span style=\"font-family: helvetica, arial, sans-serif;\">Les cours durent 90 minutes environ. Apportez des v\u00eatements souples et confortables (coton, lin) et, si possible,<span style=\"font-family: helvetica, arial, sans-serif; font-size: 10pt;\"> votre tapis de yoga personnel, un tissu ou une couverture. <\/span><\/span><span style=\"font-family: helvetica, arial, sans-serif;\">\u00c9vitez de manger deux heures avant le cours.<\/span><\/span><\/p>\n<p lang=\"zxx\" align=\"CENTER\"><span style=\"font-size: 14pt;\"><span style=\"color: #000000;\"><span style=\"font-family: Calibri, sans-serif;\"><u>Pr\u00e9sentation sch\u00e9matique\u00a0<\/u><\/span><\/span><u style=\"color: #000000; font-family: Calibri, sans-serif;\">d&rsquo;une s\u00e9ance-type<\/u>\u00a0<\/span><u style=\"font-family: Calibri, sans-serif; color: #000000; font-size: 14pt;\"><span style=\"font-size: 14pt;\">(<a href=\"https:\/\/institutdeyoga.com\/index.php\/2023\/09\/14\/detail-du-deroulement-dun-cours\/\">pour une pr\u00e9sentation plus d\u00e9taill\u00e9e, voir ici<\/a>)<\/span>\u00a0<\/u><\/p>\n<p align=\"JUSTIFY\"><span style=\"color: #373737;\"><b>Phases 1 \u00e0 4\u00a0: 60 mn environ<\/b><\/span><\/p>\n<p align=\"JUSTIFY\"><span style=\"color: #373737;\">1 \u2013 <\/span><span style=\"color: #ff0000;\">Prise de conscience du centre de gravit\u00e9 du corps\u00a0<\/span><span style=\"color: #373737;\">: l<\/span><span style=\"color: #373737;\">a s\u00e9ance d\u00e9bute debout par des exercices d\u2019ancrage qui renforcent la solidit\u00e9. L\u2019attention est port\u00e9e sur le <em>hara<\/em>, r\u00e9gion du ventre, et sur tout le bas du corps.<\/span><\/p>\n<p align=\"JUSTIFY\"><span style=\"color: #ff0000;\"><span style=\"color: #373737;\">2 \u2013 <\/span>Assouplissement des muscles et d\u00e9blocage des articulations <\/span><span style=\"color: #373737;\">\u00a0(<em>Pawanmuktasana<\/em>) : d<\/span><span style=\"color: #373737;\">u bas du corps jusqu\u2019aux cervicales, les articulations, tendons, ligaments, muscles et organes sont assouplis et r\u00e9\u00e9quilibr\u00e9s en coordonnant le souffle et des mouvements d\u2019ex\u00e9cution facile qui lib\u00e8rent des tensions.<\/span><\/p>\n<p align=\"JUSTIFY\"><span style=\"color: #373737;\">3 \u2013 <\/span><span style=\"color: #ff0000;\">S\u00e9ance posturale<\/span><span style=\"color: #373737;\"> : e<\/span><span style=\"color: #373737;\">ncha\u00eenement d\u2019une douzaine de postures selon un ordre pr\u00e9cis, qui mobilise tout le corps et ayant pour axe principal la colonne vert\u00e9brale.\u00a0<\/span><span style=\"color: #373737;\">Exemple d\u2019encha\u00eenement : demi-chandelle ; chandelle ; charrue ; poisson ; pince ; cobra ; sauterelle ; demi-pont ; torsion ; poirier. De nombreuses variantes sont propos\u00e9es. <\/span><\/p>\n<p align=\"JUSTIFY\"><span style=\"color: #373737;\">4 \u2013 <\/span><span style=\"color: #ff0000;\">Relaxation<\/span><span style=\"color: #373737;\"> : a<\/span><span style=\"color: #373737;\">llong\u00e9(e) sur le dos (ou autre posture de d\u00e9tente), repos de tout le corps.<\/span><\/p>\n<p align=\"JUSTIFY\"><span style=\"color: #373737;\"><b>Phases 5 \u00e0 7\u00a0: 30 mn environ<\/b><\/span><\/p>\n<p align=\"JUSTIFY\"><span style=\"color: #373737;\">5 \u2013 <\/span><em><span style=\"color: #ff0000;\">Pr\u0101\u1e47\u0101y\u0101ma<\/span><\/em><span style=\"color: #373737;\"> : exercices respiratoires qui facilitent la circulation du <em>prana<\/em>, choisis selon le niveau des participants.<\/span><\/p>\n<p align=\"JUSTIFY\"><span style=\"color: #373737;\">6 \u2013 <\/span><span style=\"color: #ff0000;\">M\u00e9ditation<\/span><span style=\"color: #373737;\"> : les exercices propos\u00e9s conduisent vers un \u00e9tat de calme plus profond.<\/span><\/p>\n<p align=\"JUSTIFY\"><span style=\"color: #373737;\">7 \u2013 <\/span><span style=\"color: #ff0000;\">Relaxation guid\u00e9e\u00a0<\/span><span style=\"color: #373737;\">: d\u00e9tente de tout le corps, en commen\u00e7ant par les pieds et jusqu\u2019\u00e0 la t\u00eate.<\/span><\/p>\n<p align=\"JUSTIFY\"><span style=\"color: #373737;\"><b>Les phases 5 \u00e0 7 sont parfois remplac\u00e9es par un <a href=\"https:\/\/institutdeyoga.com\/index.php\/2020\/04\/02\/seance-de-yoga-nidra\/\">yoga-nidra<\/a>.<\/b><\/span><\/p>\n<p lang=\"zxx\" align=\"JUSTIFY\"><em><span style=\"color: #000000;\"><span style=\"font-family: Calibri, sans-serif;\"><span style=\"font-size: medium;\">Ceci est un sch\u00e9ma g\u00e9n\u00e9ral susceptible d&rsquo;adaptation et de modifications en fonction des circonstances. Pour autant, la structure de la s\u00e9ance ne varie pas beaucoup d&rsquo;un cours \u00e0 l&rsquo;autre parce que la r\u00e9p\u00e9tition des diff\u00e9rents temps qui structurent la s\u00e9ance permet leur m\u00e9morisation et la r\u00e9gularit\u00e9 et la pr\u00e9visibilit\u00e9 autorisent l&rsquo;int\u00e9riorisation et la d\u00e9tente.<\/span><\/span><\/span><\/em><\/p>\n<p><span style=\"font-size: 12pt;\"><span style=\"font-family: helvetica, arial, sans-serif;\">Vous pouvez commencer le yoga \u00e0 tout moment de l&rsquo;ann\u00e9e dans le lieu qui vous convient, que vous soyez d\u00e9butant ou non.\u00a0<\/span><span style=\"font-family: helvetica, arial, sans-serif;\">Nous vous conseillons ensuite de suivre, chaque semaine, un ou plusieurs cours, r\u00e9guli\u00e8rement. Il est tout \u00e0 fait possible de pratiquer en alternance\u00a0dans plusieurs salles o\u00f9 l&rsquo;Institut donne des cours.<\/span><\/span><\/p>\n<p><span style=\"font-family: helvetica, arial, sans-serif; font-size: 12pt;\">Les tarifs sont fix\u00e9s par chaque centre : se renseigner en t\u00e9l\u00e9phonant.<\/span><br \/>\n<span style=\"font-size: 12pt;\"><span style=\"font-family: helvetica, arial, sans-serif;\">Il existe des tarifs mensuels, trimestriels et annuels tr\u00e8s avantageux, et des tarifs r\u00e9duits pour les personnes \u00e0 faibles revenus (\u00e9tudiants, ch\u00f4meurs, &#8230;).\u00a0<\/span><span style=\"font-family: helvetica, arial, sans-serif;\">Dans chaque salle, le premier cours est offert.<\/span><\/span><\/p>\n<p lang=\"zxx\"><span style=\"font-family: helvetica, arial, sans-serif; font-size: 12pt;\"><span lang=\"zxx\"><b>Dans tous les cas, i<\/b><\/span><span lang=\"zxx\"><b>l est n\u00e9cessaire de vous inscrire<\/b><\/span><span lang=\"zxx\">, afin de respecter le nombre maximum de personnes, soit aupr\u00e8s de Brigitte (<span style=\"font-family: 'comic sans ms', sans-serif;\"><a href=\"https:\/\/institutdeyoga.com\/index.php\/cours\/aix-en-provence\/\">Aix<\/a><\/span>) par SMS au 06 70 58 15 50, <\/span><span lang=\"zxx\">soit aupr\u00e8s de Siffr\u00e8ne (<span style=\"font-family: 'comic sans ms', sans-serif;\"><a href=\"https:\/\/institutdeyoga.com\/index.php\/cours\/mouries\/\">Mouri\u00e8s<\/a><\/span>) par SMS au 06 03 01 14 68, <\/span><span lang=\"zxx\">soit aupr\u00e8s de Carole (<span style=\"font-family: 'comic sans ms', sans-serif;\"><a href=\"https:\/\/institutdeyoga.com\/index.php\/cours\/marseille\/\">Marseille<\/a><\/span>) <\/span><span lang=\"zxx\">par<\/span><span lang=\"zxx\"> SMS au 06 95 78 04 07 ou <\/span><span lang=\"zxx\">par<\/span><span lang=\"zxx\"> mail \u00e0 <a href=\"mailto:carole.geneve@laposte.net\">carole.geneve@laposte.net<\/a>, soit aupr\u00e8s de Fanny (<span style=\"font-family: 'comic sans ms', sans-serif;\"><a href=\"https:\/\/institutdeyoga.com\/index.php\/cours\/alpes-de-haute-provence\/\">Digne<\/a>, <a href=\"https:\/\/institutdeyoga.com\/index.php\/cours\/alpes-de-haute-provence\/\">Seyne-les-Alpes<\/a><\/span>) en t\u00e9l\u00e9phonant au 06 03 98 19 64. Nous vous r\u00e9pondrons rapidement pour confirmation.<\/span><\/span><\/p>\n","protected":false},"excerpt":{"rendered":"<p>L&rsquo;Institut de Yoga organise des cours r\u00e9guliers \u00e0 Aix, Digne, Marseille, Mouri\u00e8s et Seyne-les-Alpes. POUR CONNA\u00ceTRE LA LOCALISATION ET LES HORAIRES DES COURS, VEUILLEZ CLIQUER SUR LE NOM DE L&rsquo;UNE DES CINQ COMMUNES CI-DESSUS (HYPERLIEN). Les cours durent 90 minutes &hellip; <a href=\"https:\/\/institutdeyoga.com\/index.php\/cours\/\">Continuer la lecture <span class=\"meta-nav\">&rarr;<\/span><\/a><\/p>\n","protected":false},"author":6,"featured_media":0,"parent":0,"menu_order":0,"comment_status":"closed","ping_status":"closed","template":"","meta":{"footnotes":""},"class_list":["post-59","page","type-page","status-publish","hentry"],"_links":{"self":[{"href":"https:\/\/institutdeyoga.com\/index.php\/wp-json\/wp\/v2\/pages\/59","targetHints":{"allow":["GET"]}}],"collection":[{"href":"https:\/\/institutdeyoga.com\/index.php\/wp-json\/wp\/v2\/pages"}],"about":[{"href":"https:\/\/institutdeyoga.com\/index.php\/wp-json\/wp\/v2\/types\/page"}],"author":[{"embeddable":true,"href":"https:\/\/institutdeyoga.com\/index.php\/wp-json\/wp\/v2\/users\/6"}],"replies":[{"embeddable":true,"href":"https:\/\/institutdeyoga.com\/index.php\/wp-json\/wp\/v2\/comments?post=59"}],"version-history":[{"count":23,"href":"https:\/\/institutdeyoga.com\/index.php\/wp-json\/wp\/v2\/pages\/59\/revisions"}],"predecessor-version":[{"id":2112,"href":"https:\/\/institutdeyoga.com\/index.php\/wp-json\/wp\/v2\/pages\/59\/revisions\/2112"}],"wp:attachment":[{"href":"https:\/\/institutdeyoga.com\/index.php\/wp-json\/wp\/v2\/media?parent=59"}],"curies":[{"name":"wp","href":"https:\/\/api.w.org\/{rel}","templated":true}]}}