{"id":57,"date":"2018-06-09T20:53:46","date_gmt":"2018-06-09T18:53:46","guid":{"rendered":"http:\/\/institutdeyoga.com\/?page_id=57"},"modified":"2025-07-30T17:20:12","modified_gmt":"2025-07-30T15:20:12","slug":"aix-en-provence","status":"publish","type":"page","link":"https:\/\/institutdeyoga.com\/index.php\/cours\/aix-en-provence\/","title":{"rendered":"Aix-en-Provence"},"content":{"rendered":"<h1>Institut de Yoga &#8211; Aix-en-Provence<\/h1>\n<h3><a class=\"plan\" href=\"https:\/\/maps.app.goo.gl\/R4tLyLJ561ysbmqG8\" target=\"_blank\" rel=\"noopener noreferrer\"><span style=\"font-size: 12pt;\">SALLE PAROISSIALE SAINT eutrope &#8211; 1 AVENUE DU DOCTEUR BERTRAND &#8211; 13100 AIX EN PROVENCE<\/span><\/a><\/h3>\n<p>&nbsp;<\/p>\n<p>Cours tous publics : JEUDI de 18H00 \u00e0 19H30.<\/p>\n<p><strong><span style=\"font-size: 14pt;\">Reprise des cours le jeudi 18 septembre 2025 \u00e0 18 h.<\/span><\/strong><\/p>\n<h3 align=\"left\">CONTACT :<\/h3>\n<p>06 70 58 15 50\u00a0 \u00a0(Brigitte)<\/p>\n<h3>Tarifs<\/h3>\n<ul>\n<li><strong>1 cours par semaine :\u00a0<\/strong><i>Mois :<\/i>\u00a0<i>58 \u20ac ; Trimestre : 135 \u20ac ; Ann\u00e9e : 350 \u20ac<\/i><\/li>\n<li><strong>Carte 10 cours :\u00a0<\/strong><em> valable 12 mois, 150 <i>\u20ac<\/i><\/em><\/li>\n<\/ul>\n<p>Des tarifs r\u00e9duits sont possibles pour les personnes en difficult\u00e9s financi\u00e8res.<\/p>\n<p><em><strong>Un cours d&rsquo;essai sans engagement vous est propos\u00e9.<\/strong><\/em><\/p>\n","protected":false},"excerpt":{"rendered":"<p>Institut de Yoga &#8211; Aix-en-Provence SALLE PAROISSIALE SAINT eutrope &#8211; 1 AVENUE DU DOCTEUR BERTRAND &#8211; 13100 AIX EN PROVENCE &nbsp; Cours tous publics : JEUDI de 18H00 \u00e0 19H30. Reprise des cours le jeudi 18 septembre 2025 \u00e0 18 &hellip; <a href=\"https:\/\/institutdeyoga.com\/index.php\/cours\/aix-en-provence\/\">Continuer la lecture <span class=\"meta-nav\">&rarr;<\/span><\/a><\/p>\n","protected":false},"author":6,"featured_media":0,"parent":59,"menu_order":0,"comment_status":"closed","ping_status":"closed","template":"","meta":{"footnotes":""},"class_list":["post-57","page","type-page","status-publish","hentry"],"_links":{"self":[{"href":"https:\/\/institutdeyoga.com\/index.php\/wp-json\/wp\/v2\/pages\/57","targetHints":{"allow":["GET"]}}],"collection":[{"href":"https:\/\/institutdeyoga.com\/index.php\/wp-json\/wp\/v2\/pages"}],"about":[{"href":"https:\/\/institutdeyoga.com\/index.php\/wp-json\/wp\/v2\/types\/page"}],"author":[{"embeddable":true,"href":"https:\/\/institutdeyoga.com\/index.php\/wp-json\/wp\/v2\/users\/6"}],"replies":[{"embeddable":true,"href":"https:\/\/institutdeyoga.com\/index.php\/wp-json\/wp\/v2\/comments?post=57"}],"version-history":[{"count":36,"href":"https:\/\/institutdeyoga.com\/index.php\/wp-json\/wp\/v2\/pages\/57\/revisions"}],"predecessor-version":[{"id":1998,"href":"https:\/\/institutdeyoga.com\/index.php\/wp-json\/wp\/v2\/pages\/57\/revisions\/1998"}],"up":[{"embeddable":true,"href":"https:\/\/institutdeyoga.com\/index.php\/wp-json\/wp\/v2\/pages\/59"}],"wp:attachment":[{"href":"https:\/\/institutdeyoga.com\/index.php\/wp-json\/wp\/v2\/media?parent=57"}],"curies":[{"name":"wp","href":"https:\/\/api.w.org\/{rel}","templated":true}]}}