{"id":23,"date":"2018-06-09T19:37:32","date_gmt":"2018-06-09T17:37:32","guid":{"rendered":"http:\/\/institutdeyoga.com\/?page_id=23"},"modified":"2023-09-28T14:23:46","modified_gmt":"2023-09-28T12:23:46","slug":"accueil","status":"publish","type":"page","link":"https:\/\/institutdeyoga.com\/index.php\/accueil\/","title":{"rendered":"Qui sommes-nous ?"},"content":{"rendered":"<h1><strong>Le cours N&rsquo;Guyen Que, yoga tib\u00e9tain et indien.<\/strong><\/h1>\n<p>Le yoga que nous proposons depuis plus de 40 ans est \u00e0 la fois indien et tib\u00e9tain.<\/p>\n<p>Ce qu&rsquo;il a de tib\u00e9tain, il le doit \u00e0 la pratique des yogis qui vivent avec leurs disciples <strong>dans les ermitages du Tibet et de l&rsquo;Himalaya<\/strong>. Quant \u00e0 la part indienne, elle provient pour l&rsquo;essentiel de <strong>l&rsquo;enseignement de Sivananda<\/strong>, un grand yogi indien mort en 1963 qui avait la particularit\u00e9 d&rsquo;avoir b\u00e9n\u00e9fici\u00e9 d&rsquo;une double formation occidentale et indienne. Il \u00e9tait m\u00e9decin.<br \/>\nCet enseignement comprend diverses pratiques : postures, contr\u00f4le du souffle, relaxation, m\u00e9ditation.<\/p>\n<p>La s\u00e9ance posturale est sp\u00e9cialement con\u00e7ue <strong>pour rem\u00e9dier aux probl\u00e8mes de dos<\/strong> si fr\u00e9quents aujourd&rsquo;hui chez les occidentaux. Elle vise principalement \u00e0 assurer une bonne sant\u00e9 physique et un \u00e9quilibre psychique.<\/p>\n<p>Le yoga, pratiqu\u00e9 r\u00e9guli\u00e8rement, permet un meilleur contr\u00f4le des \u00e9motions et de ma\u00eetriser la pens\u00e9e.<br \/>\nC&rsquo;est ainsi que l&rsquo;on peut faire \u00e9chec au stress, et que l&rsquo;on acquiert plus de calme int\u00e9rieur, plus de facilit\u00e9 \u00e0 se d\u00e9tendre et \u00e0 se recueillir, plus de s\u00e9r\u00e9nit\u00e9 dans les \u00e9preuves.<\/p>\n<p>Le yoga aide \u00e0 mieux vivre; mais on ne se r\u00e9fugie pas, pour autant, dans son propre bonheur. <strong>Cette pratique s&rsquo;accompagne aussi d&rsquo;une plus grande ouverture aux autres, et nous rend plus sensibles \u00e0 leurs difficult\u00e9s.<\/strong><\/p>\n<h6 style=\"text-align: left;\">Si, comme le dit St Paul (1Co 13.13), la charit\u00e9 est la plus haute des vertus, le yoga est une discipline qu&rsquo;on peut conseiller \u00e0 toute personne quelles que soient ses croyances et ses pratiques.<\/h6>\n<p>Une<strong> pratique r\u00e9guli\u00e8re est n\u00e9cessaire<\/strong>, elle est un gage de progression.<\/p>\n<hr \/>\n<h1>\u00a0Les fondateurs de notre \u00e9cole<\/h1>\n<h2 style=\"font-weight: 400;\"><strong>Ma\u00eetre N&rsquo;Guyen Qu\u00e9<\/strong><\/h2>\n<p>D&rsquo;origine \u00e0 la fois vietnamienne et tib\u00e9taine Ma\u00eetre N&rsquo;Guyen\u00a0Qu\u00e9\u00a0a \u00e9t\u00e9 form\u00e9 d\u00e8s son enfance par son oncle, de la tradition des moines errants du Tibet, qui fr\u00e9quentait assid\u00fbment les yogis de cette r\u00e9gion.<\/p>\n<p>Il a pratiqu\u00e9 de nombreux arts martiaux dont notre \u00e9cole garde plusieurs pratiques.<br \/>\nExil\u00e9 en France, il a d\u00e9velopp\u00e9 son enseignement autour de quelques disciples form\u00e9s \u00e0 transmettre le yoga.<br \/>\nIl a cr\u00e9\u00e9, dans les ann\u00e9es 60, la Fondation de Yoga et a ouvert les premi\u00e8res salles \u00e0 Marseille, Aix-en-Provence, Avignon et Paris.<br \/>\nNotre Institut donne toujours des cours dans certaines de ces salles et a gard\u00e9 le nom de &lsquo;cours N&rsquo;Guyen Qu\u00e9&rsquo;.<\/p>\n<p style=\"font-weight: 400;\"><img loading=\"lazy\" decoding=\"async\" class=\"size-full wp-image-24 aligncenter\" src=\"https:\/\/institutdeyoga.com\/wp-content\/uploads\/2018\/06\/Maitre-NGuyen-Qu\u00e9.jpg\" alt=\"\" width=\"125\" height=\"146\" \/><\/p>\n<h2 style=\"font-weight: 400;\"><strong>Antonin Ingrassia<\/strong><\/h2>\n<p>Antonin Ingrassia, son \u00e9l\u00e8ve, a repris et d\u00e9velopp\u00e9 la pratique posturale, la centrant sp\u00e9cialement sur les probl\u00e8mes de dos dont souffrent davantage les occidentaux. Dans la continuit\u00e9 de la Fondation de Yoga, il a cr\u00e9\u00e9 en 1981 l&rsquo;Institut de Yoga pour diffuser l&rsquo;enseignement qu&rsquo;il avait re\u00e7u de M. NGuyen Qu\u00e9. Fid\u00e8le \u00e0 son esprit, il a transmis une pratique du yoga \u00e0 la mani\u00e8re tib\u00e9taine et indienne, qui regroupe les diff\u00e9rents entra\u00eenements\u00a0: hatha-yoga (postures, exercices respiratoires&#8230;), bhakti-yoga (p\u00e8lerinage, d\u00e9votion, pri\u00e8res), jnana-yoga (observation de soi, \u00e9tude des textes sacr\u00e9s), karma-yoga (aide aux autres, action d\u00e9sint\u00e9ress\u00e9e). La progression est ainsi plus s\u00fbre et plus rapide, chaque type de pratique favorisant les autres. Outre les effets rapidement ressentis sur la sant\u00e9 physique et psychique, une \u00e9volution plus profonde se d\u00e9veloppe.<\/p>\n<h3><img loading=\"lazy\" decoding=\"async\" class=\"size-full wp-image-25 aligncenter\" src=\"https:\/\/institutdeyoga.com\/wp-content\/uploads\/2018\/06\/Antonin-Ingrassia.jpg\" alt=\"\" width=\"91\" height=\"120\" \/><\/h3>\n<h2>Les enseignants actuels<\/h2>\n<p>L&rsquo;Institut de Yoga r\u00e9unit actuellement douze enseignants form\u00e9s selon l&rsquo;enseignement de Antonin Ingrassia . Ils proposent des cours dans plusieurs lieux du d\u00e9partement des Bouches du Rh\u00f4ne et dans les Alpes de Haute Provence. Beaucoup d&rsquo;entre eux ont aussi une activit\u00e9 professionnelle autre. Ces enseignants se r\u00e9unissent un samedi par mois et lors de stages de plusieurs jours au moment des vacances, pour perfectionner leur pratique, et l&rsquo;approfondir. Gr\u00e2ce \u00e0 ces rencontres, l&rsquo;enseignement donn\u00e9 au sein de l&rsquo;Institut garde sa coh\u00e9rence et reste vivant. Les enseignants pratiquent eux-m\u00eames chaque jour. Plusieurs d&rsquo;entre eux ont une exp\u00e9rience de l&rsquo;enseignement du yoga de plus de 30 ans. Ils donnent, pour la plupart, leurs cours b\u00e9n\u00e9volement, permettant ainsi de faire fonctionner l&rsquo;association.<\/p>\n<h2>Texte de Maitre N&rsquo;Guyen Qu\u00e9<\/h2>\n<p>Ayant travers\u00e9 l&rsquo;\u00e9preuve du temps, le yoga est un syst\u00e8me d&rsquo;entra\u00eenement physique et mental.<\/p>\n<p>Il n&rsquo;est pas une gymnastique et pourtant il maintient la jeunesse et la forme physique.<\/p>\n<p>Il n&rsquo;est pas une religion et pourtant on le trouve au coeur de toutes les religions.<\/p>\n<p>Il est au-del\u00e0 d&rsquo;un syst\u00e8me de philosophie, et pourtant il est l&rsquo;\u00e2me de la philosophie.<\/p>\n<p>Le YOGA est la science et l&rsquo;art de vivre.<\/p>\n<p>Transmis par des ma\u00eetres depuis de nombreuses g\u00e9n\u00e9rations, c&rsquo;est une pratique solide et efficace.<\/p>\n<p>En plus des facult\u00e9s physiques et mentales qu&rsquo;il d\u00e9veloppe, le yoga permet \u00e0 l&rsquo;homme la d\u00e9couverte et l&rsquo;\u00e9panouissement de potentialit\u00e9s qui dorment en lui.<\/p>\n<p>Celui qui poss\u00e8de un bon corps, des facult\u00e9s mentales puissantes et une libert\u00e9 int\u00e9rieure bien organis\u00e9e est un \u00eatre harmonieux, fort et disponible, heureux de se sentir vivant, et en pleine possession de lui-m\u00eame.<\/p>\n<p>Les principes mill\u00e9naires du Yoga en font une science \u00e9ternellement jeune.<\/p>\n<h3>HERITAGE DU PASSE, LE YOGA EST LA CULTURE D&rsquo;AUJOURD&rsquo;HUI\u00a0ET DE DEMAIN.<br \/>\nMa\u00eetre N&rsquo;Guyen\u00a0Qu\u00e9<\/h3>\n","protected":false},"excerpt":{"rendered":"<p>Le cours N&rsquo;Guyen Que, yoga tib\u00e9tain et indien. Le yoga que nous proposons depuis plus de 40 ans est \u00e0 la fois indien et tib\u00e9tain. Ce qu&rsquo;il a de tib\u00e9tain, il le doit \u00e0 la pratique des yogis qui vivent &hellip; <a href=\"https:\/\/institutdeyoga.com\/index.php\/accueil\/\">Continuer la lecture <span class=\"meta-nav\">&rarr;<\/span><\/a><\/p>\n","protected":false},"author":6,"featured_media":0,"parent":0,"menu_order":0,"comment_status":"closed","ping_status":"closed","template":"","meta":{"footnotes":""},"class_list":["post-23","page","type-page","status-publish","hentry"],"_links":{"self":[{"href":"https:\/\/institutdeyoga.com\/index.php\/wp-json\/wp\/v2\/pages\/23","targetHints":{"allow":["GET"]}}],"collection":[{"href":"https:\/\/institutdeyoga.com\/index.php\/wp-json\/wp\/v2\/pages"}],"about":[{"href":"https:\/\/institutdeyoga.com\/index.php\/wp-json\/wp\/v2\/types\/page"}],"author":[{"embeddable":true,"href":"https:\/\/institutdeyoga.com\/index.php\/wp-json\/wp\/v2\/users\/6"}],"replies":[{"embeddable":true,"href":"https:\/\/institutdeyoga.com\/index.php\/wp-json\/wp\/v2\/comments?post=23"}],"version-history":[{"count":16,"href":"https:\/\/institutdeyoga.com\/index.php\/wp-json\/wp\/v2\/pages\/23\/revisions"}],"predecessor-version":[{"id":1668,"href":"https:\/\/institutdeyoga.com\/index.php\/wp-json\/wp\/v2\/pages\/23\/revisions\/1668"}],"wp:attachment":[{"href":"https:\/\/institutdeyoga.com\/index.php\/wp-json\/wp\/v2\/media?parent=23"}],"curies":[{"name":"wp","href":"https:\/\/api.w.org\/{rel}","templated":true}]}}