{"id":1451,"date":"2022-08-30T17:41:49","date_gmt":"2022-08-30T15:41:49","guid":{"rendered":"https:\/\/institutdeyoga.com\/?page_id=1451"},"modified":"2022-08-31T18:11:58","modified_gmt":"2022-08-31T16:11:58","slug":"presentation-dune-seance-type","status":"publish","type":"page","link":"https:\/\/institutdeyoga.com\/index.php\/cours\/presentation-dune-seance-type\/","title":{"rendered":"Pr\u00e9sentation d&rsquo;une s\u00e9ance-type."},"content":{"rendered":"<p lang=\"zxx\" align=\"CENTER\"><span style=\"color: #000000;\"><span style=\"font-family: Calibri, sans-serif;\"><span style=\"font-size: medium;\"><u>Pr\u00e9sentation d&rsquo;une s\u00e9ance-type<\/u><\/span><\/span><\/span><\/p>\n<p lang=\"zxx\" align=\"JUSTIFY\"><span style=\"color: #000000;\"><span style=\"font-size: medium;\"> <span style=\"font-family: Calibri, sans-serif;\">1 &#8211; <span style=\"text-decoration: underline;\">Prise de c<\/span><\/span><span style=\"text-decoration: underline;\"><span style=\"font-family: Calibri, sans-serif;\">onscience <\/span><span style=\"font-family: Calibri, sans-serif;\">du centre de gravit\u00e9 du corps (<\/span><span style=\"font-family: Calibri, sans-serif;\"><i>le hara<\/i><\/span><\/span><span style=\"font-family: Calibri, sans-serif;\"><i><span style=\"text-decoration: underline;\">)<\/span> : <\/i><\/span><span style=\"font-family: Calibri, sans-serif;\">5 mn<\/span><\/span><\/span><\/p>\n<p lang=\"zxx\" align=\"JUSTIFY\"><span style=\"color: #000000;\"><span style=\"font-size: medium;\"><span style=\"font-family: Calibri, sans-serif;\">La s\u00e9ance <\/span><span style=\"font-family: Calibri, sans-serif;\">de yoga <\/span><span style=\"font-family: Calibri, sans-serif;\">d\u00e9bute par <\/span><span style=\"font-family: Calibri, sans-serif;\">quelques<\/span><span style=\"font-family: Calibri, sans-serif;\"> exercices d&rsquo;<\/span><span style=\"font-family: Calibri, sans-serif;\">ancrage <\/span><span style=\"font-family: Calibri, sans-serif;\">qui se pratiquent debout. L&rsquo;attention se porte alors sur le <\/span><span style=\"font-family: Calibri, sans-serif;\"><i>hara, <\/i><\/span><span style=\"font-family: Calibri, sans-serif;\">cette zone situ\u00e9e<\/span><i> <\/i><span style=\"font-family: Calibri, sans-serif;\">au-<\/span><span style=\"font-family: Calibri, sans-serif;\">d<\/span><span style=\"font-family: Calibri, sans-serif;\">essous du nombril, <\/span><span style=\"font-family: Calibri, sans-serif;\">consid\u00e9r\u00e9e comme le centre de gravit\u00e9<\/span> <span style=\"font-family: Calibri, sans-serif;\">de notre corps.<\/span> <\/span><\/span><\/p>\n<p lang=\"zxx\" align=\"JUSTIFY\"><span style=\"color: #000000;\"><span style=\"font-family: Calibri, sans-serif;\"><span style=\"font-size: medium;\">2\u00a0 &#8211; <span style=\"text-decoration: underline;\">Assouplissement des muscles et d\u00e9blocage des articulations<\/span> :15 mn<\/span><\/span><\/span><\/p>\n<p lang=\"zxx\" align=\"JUSTIFY\"><span style=\"color: #000000;\"><span style=\"font-size: medium;\"><span style=\"font-family: Calibri, sans-serif;\">Du bas du corps jusqu&rsquo;aux cervicales, <\/span><span style=\"font-family: Calibri, sans-serif;\">les <\/span><span style=\"font-family: Calibri, sans-serif;\">articulations, tendons, ligaments et muscles articulaires sont <\/span><span style=\"font-family: Calibri, sans-serif;\">assouplis en coordonnant <\/span><span style=\"font-family: Calibri, sans-serif;\">le <\/span><span style=\"font-family: Calibri, sans-serif;\">souffle et <\/span><span style=\"font-family: Calibri, sans-serif;\">des <\/span><span style=\"font-family: Calibri, sans-serif;\">mouvements d&rsquo;ex\u00e9cution facile <\/span><span style=\"font-family: Calibri, sans-serif;\">qui lib\u00e8rent les tensions.<\/span><\/span><\/span><\/p>\n<p lang=\"zxx\" align=\"JUSTIFY\"><span style=\"color: #000000;\"><span style=\"font-size: medium;\"> <span style=\"font-family: Calibri, sans-serif;\">3\u00a0 <\/span><span style=\"font-family: Calibri, sans-serif;\">&#8211; <span style=\"text-decoration: underline;\">S\u00e9ance posturale<\/span> : 25 mn<\/span><\/span><\/span><\/p>\n<p lang=\"zxx\" align=\"JUSTIFY\"><span style=\"color: #000000;\"><span style=\"font-size: medium;\"><span style=\"font-family: Calibri, sans-serif;\">E<\/span><span style=\"font-family: Calibri, sans-serif;\">ncha\u00eenement d&rsquo;une dizaine de postures alternant postures naturelles\/postures invers\u00e9es, <\/span><span style=\"font-family: Calibri, sans-serif;\">postures dorsales\/postures ventrales,<\/span> <span style=\"font-family: Calibri, sans-serif;\">flexions\/extensions <\/span><span style=\"font-family: Calibri, sans-serif;\">(exemple d&rsquo;encha\u00eenement : demi-chandelle ; <\/span><span style=\"font-family: Calibri, sans-serif;\">chandelle ; charrue ; poisson ; pince ; cobra ; sauterelle ; demi-pont ; torsion ; poirier)<\/span><\/span><\/span><\/p>\n<p lang=\"zxx\" align=\"JUSTIFY\"><span style=\"color: #000000;\"><span style=\"font-size: medium;\"><span style=\"font-family: Calibri, sans-serif;\">4\u00a0 &#8211; <\/span><span style=\"text-decoration: underline;\"><span style=\"font-family: Calibri, sans-serif;\">Relaxation<\/span><\/span><span style=\"font-family: Calibri, sans-serif;\"> : <\/span><span style=\"font-family: Calibri, sans-serif;\">5 mn<\/span><\/span><\/span><\/p>\n<p lang=\"zxx\" align=\"JUSTIFY\"><span style=\"color: #000000;\"><span style=\"font-size: medium;\"><span style=\"font-family: Calibri, sans-serif;\">A<\/span><span style=\"font-family: Calibri, sans-serif;\">llong\u00e9 sur le dos, yeux ferm\u00e9s, d\u00e9tente de tout le corps, respiration naturelle.<\/span><\/span><\/span><\/p>\n<p lang=\"zxx\" align=\"JUSTIFY\"><span style=\"color: #000000;\"><span style=\"font-size: medium;\"><span style=\"font-family: Calibri, sans-serif;\"> 5\u00a0 &#8211; <span style=\"text-decoration: underline;\">Pr<\/span><\/span><span style=\"text-decoration: underline;\"><span style=\"font-family: Calibri, sans-serif;\">\u00e2<\/span><span style=\"font-family: Calibri, sans-serif;\">n<\/span><span style=\"font-family: Calibri, sans-serif;\">\u00e2<\/span><span style=\"font-family: Calibri, sans-serif;\">y<\/span><span style=\"font-family: Calibri, sans-serif;\">\u00e2<\/span><span style=\"font-family: Calibri, sans-serif;\">ma<\/span><\/span><span style=\"font-family: Calibri, sans-serif;\"> : <\/span><span style=\"font-family: Calibri, sans-serif;\">20<\/span><span style=\"font-family: Calibri, sans-serif;\"> mn<\/span><\/span><\/span><\/p>\n<p lang=\"zxx\" align=\"JUSTIFY\"><span style=\"color: #000000;\"><span style=\"font-size: medium;\"><span style=\"font-family: Calibri, sans-serif;\">E<\/span><span style=\"font-family: Calibri, sans-serif;\">xercices sur la respiration.<\/span><\/span><\/span><\/p>\n<p lang=\"zxx\" align=\"JUSTIFY\"><span style=\"color: #000000;\"><span style=\"font-size: medium;\"><span style=\"font-family: Calibri, sans-serif;\"> 6\u00a0 &#8211; <\/span><span style=\"text-decoration: underline;\"><span style=\"font-family: Calibri, sans-serif;\">M<\/span><span style=\"font-family: Calibri, sans-serif;\">\u00e9ditation<\/span><\/span><span style=\"font-family: Calibri, sans-serif;\"> : <\/span><span style=\"font-family: Calibri, sans-serif;\">15 mn<\/span><\/span><\/span><\/p>\n<p lang=\"zxx\" align=\"JUSTIFY\"><span style=\"color: #000000;\"><span style=\"font-size: medium;\"><span style=\"font-family: Calibri, sans-serif;\">E<\/span><span style=\"font-family: Calibri, sans-serif;\">xercice consistant \u00e0 se concentrer afin d&rsquo;installer progressivement le silence int\u00e9rieur.<\/span><\/span><\/span><\/p>\n<p lang=\"zxx\" align=\"JUSTIFY\"><span style=\"color: #000000;\"><span style=\"font-size: medium;\"> <span style=\"font-family: Calibri, sans-serif;\">7\u00a0 &#8211; <span style=\"text-decoration: underline;\">Relaxation<\/span> : 5mn<\/span><\/span><\/span><\/p>\n<p lang=\"zxx\" align=\"JUSTIFY\"><span style=\"color: #000000;\"><span style=\"font-family: Calibri, sans-serif;\"><span style=\"font-size: medium;\">Allong\u00e9 sur le dos, yeux ferm\u00e9s, d\u00e9tente de tout le corps, respiration naturelle.<\/span><\/span><\/span><\/p>\n<p lang=\"zxx\" align=\"JUSTIFY\"><em><span style=\"color: #000000;\"><span style=\"font-family: Calibri, sans-serif;\"><span style=\"font-size: medium;\">Ceci est un sch\u00e9ma g\u00e9n\u00e9ral susceptible d&rsquo;adaptation et de modifications en fonction des circonstances. Pour autant, la structure de la s\u00e9ance ne varie pas beaucoup d&rsquo;un cours \u00e0 l&rsquo;autre parce que la r\u00e9p\u00e9tition des diff\u00e9rents temps qui structurent la s\u00e9ance permet leur m\u00e9morisation et la r\u00e9gularit\u00e9 et la pr\u00e9visibilit\u00e9 autorisent l&rsquo;int\u00e9riorisation et la d\u00e9tente.<\/span><\/span><\/span><\/em><\/p>\n","protected":false},"excerpt":{"rendered":"<p>Pr\u00e9sentation d&rsquo;une s\u00e9ance-type 1 &#8211; Prise de conscience du centre de gravit\u00e9 du corps (le hara) : 5 mn La s\u00e9ance de yoga d\u00e9bute par quelques exercices d&rsquo;ancrage qui se pratiquent debout. L&rsquo;attention se porte alors sur le hara, cette &hellip; <a href=\"https:\/\/institutdeyoga.com\/index.php\/cours\/presentation-dune-seance-type\/\">Continuer la lecture <span class=\"meta-nav\">&rarr;<\/span><\/a><\/p>\n","protected":false},"author":6,"featured_media":0,"parent":59,"menu_order":0,"comment_status":"closed","ping_status":"closed","template":"","meta":{"footnotes":""},"class_list":["post-1451","page","type-page","status-publish","hentry"],"_links":{"self":[{"href":"https:\/\/institutdeyoga.com\/index.php\/wp-json\/wp\/v2\/pages\/1451","targetHints":{"allow":["GET"]}}],"collection":[{"href":"https:\/\/institutdeyoga.com\/index.php\/wp-json\/wp\/v2\/pages"}],"about":[{"href":"https:\/\/institutdeyoga.com\/index.php\/wp-json\/wp\/v2\/types\/page"}],"author":[{"embeddable":true,"href":"https:\/\/institutdeyoga.com\/index.php\/wp-json\/wp\/v2\/users\/6"}],"replies":[{"embeddable":true,"href":"https:\/\/institutdeyoga.com\/index.php\/wp-json\/wp\/v2\/comments?post=1451"}],"version-history":[{"count":2,"href":"https:\/\/institutdeyoga.com\/index.php\/wp-json\/wp\/v2\/pages\/1451\/revisions"}],"predecessor-version":[{"id":1460,"href":"https:\/\/institutdeyoga.com\/index.php\/wp-json\/wp\/v2\/pages\/1451\/revisions\/1460"}],"up":[{"embeddable":true,"href":"https:\/\/institutdeyoga.com\/index.php\/wp-json\/wp\/v2\/pages\/59"}],"wp:attachment":[{"href":"https:\/\/institutdeyoga.com\/index.php\/wp-json\/wp\/v2\/media?parent=1451"}],"curies":[{"name":"wp","href":"https:\/\/api.w.org\/{rel}","templated":true}]}}